{"id":15,"date":"2024-03-26T20:01:55","date_gmt":"2024-03-26T23:01:55","guid":{"rendered":"http:\/\/expertclimatizacao.com.br\/?page_id=15"},"modified":"2024-03-26T20:01:55","modified_gmt":"2024-03-26T23:01:55","slug":"exmpresa","status":"publish","type":"page","link":"http:\/\/expertclimatizacao.com.br\/","title":{"rendered":"Exmpresa"},"content":{"rendered":"\n<p>A Expert, desde de 2015, atende ao mercado de Refrigera\u00e7\u00e3o, ar condicionado, ventila\u00e7\u00e3o&nbsp;mec\u00e2nica e renova\u00e7\u00e3o de ar, destinada as empresas nos segmentos comercial, industrial,&nbsp;famarc\u00eautico e hospitalar, com qualidade e melhor rela\u00e7\u00e3o custo-benef\u00edcio.<\/p>\n\n\n\n<p>A Expert \u00e9 capacitada e dotada de profissionais capazes de atender com eficiencia a demanda de&nbsp;seus clientes e projetos que v\u00e3o desde obras de mini-split at\u00e9 grandes centrais de agua gelada,&nbsp;VRF ou sistemas especiais que requerem tecnologia apurada, aliando conforto, seguran\u00e7a e&nbsp;resultado.<\/p>\n\n\n\n<p>Alem de uma empresa de instala\u00e7\u00e3o e manuten\u00e7\u00e3o de sistemas t\u00e9rmicos e refrigera\u00e7\u00e3o, \u00e9 uma&nbsp;empresa de engenharia que tem como proposta agregar valor aos seus clientes atrav\u00e9s de&nbsp;estudos e solu\u00e7\u00f5es que aumentam a confiabilidade dos sistemas e reduzem custo iniciais e&nbsp;operacionais<\/p>\n","protected":false},"excerpt":{"rendered":"<p>A Expert, desde de 2015, atende ao mercado de Refrigera\u00e7\u00e3o, ar condicionado, ventila\u00e7\u00e3o&nbsp;mec\u00e2nica e renova\u00e7\u00e3o de ar, destinada as empresas nos segmentos comercial, industrial,&nbsp;famarc\u00eautico e hospitalar, com qualidade e melhor rela\u00e7\u00e3o custo-benef\u00edcio. A Expert \u00e9 capacitada e dotada de profissionais capazes de atender com eficiencia a demanda de&nbsp;seus clientes e projetos que v\u00e3o desde obras [&hellip;]<\/p>\n","protected":false},"author":1,"featured_media":0,"parent":0,"menu_order":0,"comment_status":"closed","ping_status":"closed","template":"","meta":{"footnotes":""},"class_list":["post-15","page","type-page","status-publish","hentry"],"_links":{"self":[{"href":"http:\/\/expertclimatizacao.com.br\/index.php?rest_route=\/wp\/v2\/pages\/15","targetHints":{"allow":["GET"]}}],"collection":[{"href":"http:\/\/expertclimatizacao.com.br\/index.php?rest_route=\/wp\/v2\/pages"}],"about":[{"href":"http:\/\/expertclimatizacao.com.br\/index.php?rest_route=\/wp\/v2\/types\/page"}],"author":[{"embeddable":true,"href":"http:\/\/expertclimatizacao.com.br\/index.php?rest_route=\/wp\/v2\/users\/1"}],"replies":[{"embeddable":true,"href":"http:\/\/expertclimatizacao.com.br\/index.php?rest_route=%2Fwp%2Fv2%2Fcomments&post=15"}],"version-history":[{"count":1,"href":"http:\/\/expertclimatizacao.com.br\/index.php?rest_route=\/wp\/v2\/pages\/15\/revisions"}],"predecessor-version":[{"id":16,"href":"http:\/\/expertclimatizacao.com.br\/index.php?rest_route=\/wp\/v2\/pages\/15\/revisions\/16"}],"wp:attachment":[{"href":"http:\/\/expertclimatizacao.com.br\/index.php?rest_route=%2Fwp%2Fv2%2Fmedia&parent=15"}],"curies":[{"name":"wp","href":"https:\/\/api.w.org\/{rel}","templated":true}]}}